{"id":69,"date":"2018-07-23T12:44:48","date_gmt":"2018-07-23T10:44:48","guid":{"rendered":"http:\/\/dariojucker.local\/?page_id=69"},"modified":"2020-11-24T10:22:47","modified_gmt":"2020-11-24T09:22:47","slug":"lo-studio","status":"publish","type":"page","link":"http:\/\/juckerlegal.ch\/it\/lo-studio\/","title":{"rendered":"Lo  Studio"},"content":{"rendered":"<div class=\"content-area row\">\n<div class=\" content-image col-xs-12 col-md-6 col-sm-6 col-lg-6\">\n<div id=\"from1\" class=\"row img1\">\n<div class=\"image col-xs-12 col-md-12 col-sm-12 col-lg-12 \"><img loading=\"lazy\" decoding=\"async\" class=\" img-responsive size-full\" src=\"https:\/\/juckerlegal.ch\/wp-content\/uploads\/2018\/09\/LoStudio_freddie-marriage-264214-unsplash.jpeg\" alt=\"Libreria carica di documenti\" width=\"640\" height=\"427\"><\/div>\n<div class=\"legende col-xs-12 col-md-12 col-sm-12 col-lg-12\"><\/div>\n<\/div>\n<div id=\"from2\" class=\"row img2\">\n<div class=\"image col-xs-12 col-md-12 col-sm-12 col-lg-12 \"><img loading=\"lazy\" decoding=\"async\" class=\"alignnone size-full wp-image-231\" src=\"https:\/\/juckerlegal.ch\/wp-content\/uploads\/2018\/08\/LoStudio_samuel-zeller-360588-unsplash.jpg\" alt=\"Libreria carica di documenti\" width=\"800\" height=\"951\" srcset=\"https:\/\/juckerlegal.ch\/wp-content\/uploads\/2018\/08\/LoStudio_samuel-zeller-360588-unsplash.jpg 800w, https:\/\/juckerlegal.ch\/wp-content\/uploads\/2018\/08\/LoStudio_samuel-zeller-360588-unsplash-168x200.jpg 168w, https:\/\/juckerlegal.ch\/wp-content\/uploads\/2018\/08\/LoStudio_samuel-zeller-360588-unsplash-768x913.jpg 768w\" sizes=\"auto, (max-width: 800px) 100vw, 800px\" \/><\/div>\n<div class=\"legende col-xs-12 col-md-12 col-sm-12 col-lg-12 \"><\/div>\n<\/div>\n<div id=\"from3\" class=\"row img3\">\n<div class=\"image col-xs-12 col-md-12 col-sm-12 col-lg-12\"><img loading=\"lazy\" decoding=\"async\" class=\" img-responsive size-full\" src=\"https:\/\/juckerlegal.ch\/wp-content\/uploads\/2018\/08\/LoStudio_samuel-zeller-168258-unsplash.jpg\" alt=\"Cime di montagne svizzere.\" width=\"800\" height=\"533\"><\/div>\n<div class=\"legende col-xs-12 col-md-12 col-sm-12 col-lg-12\"><\/div>\n<\/div>\n<\/div>\n<div class=\" content-description col-xs-12 col-md-6 col-sm-6 col-lg-6\">\n<div id=\"to1\"><\/div>\n<p class=\"exege\">Lo Studio Legale Jucker \u00e8 specializzato nel settore del diritto dell\u2019arte e della propriet\u00e0 intellettuale.<\/p>\n<p>Proveniente da una stirpe di collezionisti, l\u2019Avv. Jucker sin dal 1997 offre la sua esperienza e la sua consulenza a tutti gli operatori del mondo dell\u2019arte, dai collezionisti privati, agli artisti e agli archivi d\u2019artista, nonch\u00e9 ai commercianti, musei e galleristi.<\/p>\n<div id=\"to2\"><\/div>\n<p>L\u2019Avv. Jucker \u00e8 abilitato ad esercitare la professione di avvocato sia in Italia che in Svizzera e rappresenta i clienti davanti ai tribunali di entrambi i paesi.<\/p>\n<div id=\"to3\"><\/div>\n<p>Grazie alla sua rete di corrispondenti, egli \u00e8 inoltre grado di assistere i clienti nella ricerca dei migliori avvocati per l\u2019assistenza legale nei paesi nei quali non esercita direttamente.<\/p>\n<p class=\"exege\">Dicono di noi:<\/p>\n<div class=\"clients\"><div class=\"testimonials-widget-testimonials listing\">\n<div class=\"testimonials-widget-testimonial list odd post-1087 testimonials-widget type-testimonials-widget status-publish\" style=\"\">\n<!-- testimonials-widget-testimonials:1087: -->\n\t\t<blockquote><p><span class=\"open-quote\"><\/span><\/p>\n<h5>Dario appartiene ad una famiglia che per generazioni \u00e8 stata legata alla nostra per varie ragioni, ma io l\u2019ho conosciuto solo alcuni anni fa quando, con sua moglie Francesca, ha seguito me e i miei genitori durante alcuni dei nostri viaggi per l\u2019arte negli Stati Uniti. Compagni di viaggio ideali perch\u00e8 discreti, appassionati, disponibili, aperti a tutto.<br \/>\nGrande appassionato d\u2019arte, artista lui stesso e avvocato, ha saputo coniugare passione e lavoro nel migliore dei modi.<br \/>\nLa nostra amicizia \u00e8 continuata negli anni, non solo legata all\u2019arte ma anche come avvocato. Ho usufruito delle sue capacit\u00e0 per risolvere problemi famigliari e legati alla collezione. Il suo appoggio, la sua presenza e la sua competenza sono stati fondamentali per far fronte a tutte le difficolt\u00e0 che ho dovuto affrontare. Il suo entusiasmo e la sua serenit\u00e0 sono fondamentali per la buona riuscita del lavoro che abbiamo svolto insieme. La passione con cui affronta le varie tematiche \u00e8 una delle sue qualit\u00e0 principali per la buona riuscita nel risolvere qualsiasi difficolt\u00e0.<\/h5>\n<p><span class=\"close-quote\"><\/span><\/p>\n<\/blockquote>\n\t\t\t<div class=\"credit\"><span class=\"author\">Giuseppina Panza Caccia Dominioni<\/span><span class=\"join-title\"><\/span><span class=\"job-title\">Direttrice Panza Collection<\/span><\/div>\n\t<\/div>\n<div class=\"testimonials-widget-testimonial list even post-720 testimonials-widget type-testimonials-widget status-publish\" style=\"\">\n<!-- testimonials-widget-testimonials:720: -->\n\t\t<blockquote><p><span class=\"open-quote\"><\/span><\/p>\n<h5>&#8220;Dario Jucker is unique among all the attorneys with whom I have ever worked concerning issues of intellectual property rights and forgeries of artists\u2019 work. As Director of the Josef and Anni Albers Foundation, I have been responsible for the legacy of these two great Bauhaus-trained artists for over forty years. There are few individuals who have provided as much practical and personal support. Dario (we Americans tend to use first names) is a person of the highest principles, true to the moral code that was essential to both Anni and Josef Albers, and he has extraordinary knowledge of the laws involving art works and their falsification in various countries. This is a rare capacity, given how much those laws vary in Portugal, Spain, France, Italy, England, the U.S., and other countries where the issue of fakes is a serious one, and the legal situation different in each place. Not only in that realm, but in other legal matters, the depth and breadth of his knowledge are remarkable, as is his humanity. Dario is meticulous, ever efficient, tactful, and utterly correct; beyond that, he is a person of kindness, warmth, and rare natural charm. Having him represent our Foundation is one of the greatest luxuries of our existence; he instills in all who work with him a well-earned confidence. Moreover, his manner, insight, and rare capacity for articulation, make every meeting and the myriad of tasks he has done on our behalf a step forward in furthering the goals of the Albers Foundation&#8221;<\/h5>\n<p><span class=\"close-quote\"><\/span><\/p>\n<\/blockquote>\n\t\t\t<div class=\"credit\"><span class=\"author\">Nicholas Fox Weber <\/span><span class=\"join-title\"><\/span><span class=\"job-title\">Executive Director The Josef and Anni Albers Foundation<\/span><\/div>\n\t<\/div>\n<\/div>\n<\/div>\n<\/div>\n<\/div>\n","protected":false},"excerpt":{"rendered":"<p>Lo Studio Legale Jucker \u00e8 specializzato nel settore del diritto dell\u2019arte e della propriet\u00e0 intellettuale. Proveniente da una stirpe di collezionisti, l\u2019Avv. Jucker sin dal 1997 offre la sua esperienza e la sua consulenza a tutti gli operatori del mondo dell\u2019arte, dai collezionisti privati, agli artisti e agli archivi d\u2019artista, nonch\u00e9 ai commercianti, musei e galleristi. L\u2019Avv. Jucker \u00e8 abilitato ad esercitare la professione di avvocato sia in Italia che in Svizzera e rappresenta i clienti davanti ai tribunali di entrambi i paesi. Grazie alla sua rete di corrispondenti, egli \u00e8 inoltre grado di assistere i clienti nella ricerca dei migliori avvocati per l\u2019assistenza legale nei paesi nei quali non esercita direttamente. Dicono di noi:<\/p>\n","protected":false},"author":1,"featured_media":0,"parent":0,"menu_order":1,"comment_status":"closed","ping_status":"closed","template":"","meta":{"footnotes":""},"class_list":["post-69","page","type-page","status-publish","hentry"],"yoast_head":"<!-- This site is optimized with the Yoast SEO plugin v26.2 - https:\/\/yoast.com\/wordpress\/plugins\/seo\/ -->\n<title>Lo Studio - Jucker Legale<\/title>\n<meta name=\"description\" content=\"Lo Studio Legale Jucker \u00e8 specializzato nel settore del diritto dell\u2019arte e della propriet\u00e0 intellettuale. Sede dello studio legale Lugano Svizzera. \/ Jucker law firm is specialized in art and intellectual property laws. Location Headquarters Lugano Switzerland.\" \/>\n<meta name=\"robots\" content=\"index, follow, max-snippet:-1, max-image-preview:large, max-video-preview:-1\" \/>\n<link rel=\"canonical\" href=\"https:\/\/juckerlegal.ch\/it\/lo-studio\/\" \/>\n<meta property=\"og:locale\" content=\"it_IT\" \/>\n<meta property=\"og:type\" content=\"article\" \/>\n<meta property=\"og:title\" content=\"Lo Studio - Jucker Legale\" \/>\n<meta property=\"og:description\" content=\"Lo Studio Legale Jucker \u00e8 specializzato nel settore del diritto dell\u2019arte e della propriet\u00e0 intellettuale. Sede dello studio legale Lugano Svizzera. \/ Jucker law firm is specialized in art and intellectual property laws. Location Headquarters Lugano Switzerland.\" \/>\n<meta property=\"og:url\" content=\"https:\/\/juckerlegal.ch\/it\/lo-studio\/\" \/>\n<meta property=\"og:site_name\" content=\"Jucker Legale\" \/>\n<meta property=\"article:modified_time\" content=\"2020-11-24T09:22:47+00:00\" \/>\n<meta property=\"og:image\" content=\"https:\/\/juckerlegal.ch\/wp-content\/uploads\/2018\/09\/LoStudio_freddie-marriage-264214-unsplash.jpeg\" \/>\n<meta name=\"twitter:card\" content=\"summary_large_image\" \/>\n<meta name=\"twitter:label1\" content=\"Tempo di lettura stimato\" \/>\n\t<meta name=\"twitter:data1\" content=\"1 minuto\" \/>\n<script type=\"application\/ld+json\" class=\"yoast-schema-graph\">{\"@context\":\"https:\/\/schema.org\",\"@graph\":[{\"@type\":\"WebPage\",\"@id\":\"https:\/\/juckerlegal.ch\/it\/lo-studio\/\",\"url\":\"https:\/\/juckerlegal.ch\/it\/lo-studio\/\",\"name\":\"Lo Studio - Jucker Legale\",\"isPartOf\":{\"@id\":\"https:\/\/juckerlegal.ch\/#website\"},\"primaryImageOfPage\":{\"@id\":\"https:\/\/juckerlegal.ch\/it\/lo-studio\/#primaryimage\"},\"image\":{\"@id\":\"https:\/\/juckerlegal.ch\/it\/lo-studio\/#primaryimage\"},\"thumbnailUrl\":\"https:\/\/juckerlegal.ch\/wp-content\/uploads\/2018\/09\/LoStudio_freddie-marriage-264214-unsplash.jpeg\",\"datePublished\":\"2018-07-23T10:44:48+00:00\",\"dateModified\":\"2020-11-24T09:22:47+00:00\",\"description\":\"Lo Studio Legale Jucker \u00e8 specializzato nel settore del diritto dell\u2019arte e della propriet\u00e0 intellettuale. Sede dello studio legale Lugano Svizzera. \/ Jucker law firm is specialized in art and intellectual property laws. Location Headquarters Lugano Switzerland.\",\"breadcrumb\":{\"@id\":\"https:\/\/juckerlegal.ch\/it\/lo-studio\/#breadcrumb\"},\"inLanguage\":\"it-IT\",\"potentialAction\":[{\"@type\":\"ReadAction\",\"target\":[\"https:\/\/juckerlegal.ch\/it\/lo-studio\/\"]}]},{\"@type\":\"ImageObject\",\"inLanguage\":\"it-IT\",\"@id\":\"https:\/\/juckerlegal.ch\/it\/lo-studio\/#primaryimage\",\"url\":\"https:\/\/juckerlegal.ch\/wp-content\/uploads\/2018\/09\/LoStudio_freddie-marriage-264214-unsplash.jpeg\",\"contentUrl\":\"https:\/\/juckerlegal.ch\/wp-content\/uploads\/2018\/09\/LoStudio_freddie-marriage-264214-unsplash.jpeg\"},{\"@type\":\"BreadcrumbList\",\"@id\":\"https:\/\/juckerlegal.ch\/it\/lo-studio\/#breadcrumb\",\"itemListElement\":[{\"@type\":\"ListItem\",\"position\":1,\"name\":\"Home\",\"item\":\"https:\/\/juckerlegal.ch\/\"},{\"@type\":\"ListItem\",\"position\":2,\"name\":\"Lo Studio\"}]},{\"@type\":\"WebSite\",\"@id\":\"https:\/\/juckerlegal.ch\/#website\",\"url\":\"https:\/\/juckerlegal.ch\/\",\"name\":\"dariojucker\",\"description\":\"Lo Studio Legale Jucker \u00e8 specializzato nel settore del diritto dell\u2019arte e della propriet\u00e0 intellettuale\",\"publisher\":{\"@id\":\"https:\/\/juckerlegal.ch\/#\/schema\/person\/8811c2db880ebff1a6c895107fc5c2b3\"},\"potentialAction\":[{\"@type\":\"SearchAction\",\"target\":{\"@type\":\"EntryPoint\",\"urlTemplate\":\"https:\/\/juckerlegal.ch\/?s={search_term_string}\"},\"query-input\":{\"@type\":\"PropertyValueSpecification\",\"valueRequired\":true,\"valueName\":\"search_term_string\"}}],\"inLanguage\":\"it-IT\"},{\"@type\":[\"Person\",\"Organization\"],\"@id\":\"https:\/\/juckerlegal.ch\/#\/schema\/person\/8811c2db880ebff1a6c895107fc5c2b3\",\"name\":\"dario jucker\",\"image\":{\"@type\":\"ImageObject\",\"inLanguage\":\"it-IT\",\"@id\":\"https:\/\/juckerlegal.ch\/#\/schema\/person\/image\/\",\"url\":\"https:\/\/juckerlegal.ch\/wp-content\/uploads\/2018\/07\/LogoJucker_TEMP.svg\",\"contentUrl\":\"https:\/\/juckerlegal.ch\/wp-content\/uploads\/2018\/07\/LogoJucker_TEMP.svg\",\"width\":1,\"height\":1,\"caption\":\"dario jucker\"},\"logo\":{\"@id\":\"https:\/\/juckerlegal.ch\/#\/schema\/person\/image\/\"}}]}<\/script>\n<!-- \/ Yoast SEO plugin. -->","yoast_head_json":{"title":"Lo Studio - Jucker Legale","description":"Lo Studio Legale Jucker \u00e8 specializzato nel settore del diritto dell\u2019arte e della propriet\u00e0 intellettuale. Sede dello studio legale Lugano Svizzera. \/ Jucker law firm is specialized in art and intellectual property laws. Location Headquarters Lugano Switzerland.","robots":{"index":"index","follow":"follow","max-snippet":"max-snippet:-1","max-image-preview":"max-image-preview:large","max-video-preview":"max-video-preview:-1"},"canonical":"https:\/\/juckerlegal.ch\/it\/lo-studio\/","og_locale":"it_IT","og_type":"article","og_title":"Lo Studio - Jucker Legale","og_description":"Lo Studio Legale Jucker \u00e8 specializzato nel settore del diritto dell\u2019arte e della propriet\u00e0 intellettuale. Sede dello studio legale Lugano Svizzera. \/ Jucker law firm is specialized in art and intellectual property laws. Location Headquarters Lugano Switzerland.","og_url":"https:\/\/juckerlegal.ch\/it\/lo-studio\/","og_site_name":"Jucker Legale","article_modified_time":"2020-11-24T09:22:47+00:00","og_image":[{"url":"https:\/\/juckerlegal.ch\/wp-content\/uploads\/2018\/09\/LoStudio_freddie-marriage-264214-unsplash.jpeg","type":"","width":"","height":""}],"twitter_card":"summary_large_image","twitter_misc":{"Tempo di lettura stimato":"1 minuto"},"schema":{"@context":"https:\/\/schema.org","@graph":[{"@type":"WebPage","@id":"https:\/\/juckerlegal.ch\/it\/lo-studio\/","url":"https:\/\/juckerlegal.ch\/it\/lo-studio\/","name":"Lo Studio - Jucker Legale","isPartOf":{"@id":"https:\/\/juckerlegal.ch\/#website"},"primaryImageOfPage":{"@id":"https:\/\/juckerlegal.ch\/it\/lo-studio\/#primaryimage"},"image":{"@id":"https:\/\/juckerlegal.ch\/it\/lo-studio\/#primaryimage"},"thumbnailUrl":"https:\/\/juckerlegal.ch\/wp-content\/uploads\/2018\/09\/LoStudio_freddie-marriage-264214-unsplash.jpeg","datePublished":"2018-07-23T10:44:48+00:00","dateModified":"2020-11-24T09:22:47+00:00","description":"Lo Studio Legale Jucker \u00e8 specializzato nel settore del diritto dell\u2019arte e della propriet\u00e0 intellettuale. Sede dello studio legale Lugano Svizzera. \/ Jucker law firm is specialized in art and intellectual property laws. Location Headquarters Lugano Switzerland.","breadcrumb":{"@id":"https:\/\/juckerlegal.ch\/it\/lo-studio\/#breadcrumb"},"inLanguage":"it-IT","potentialAction":[{"@type":"ReadAction","target":["https:\/\/juckerlegal.ch\/it\/lo-studio\/"]}]},{"@type":"ImageObject","inLanguage":"it-IT","@id":"https:\/\/juckerlegal.ch\/it\/lo-studio\/#primaryimage","url":"https:\/\/juckerlegal.ch\/wp-content\/uploads\/2018\/09\/LoStudio_freddie-marriage-264214-unsplash.jpeg","contentUrl":"https:\/\/juckerlegal.ch\/wp-content\/uploads\/2018\/09\/LoStudio_freddie-marriage-264214-unsplash.jpeg"},{"@type":"BreadcrumbList","@id":"https:\/\/juckerlegal.ch\/it\/lo-studio\/#breadcrumb","itemListElement":[{"@type":"ListItem","position":1,"name":"Home","item":"https:\/\/juckerlegal.ch\/"},{"@type":"ListItem","position":2,"name":"Lo Studio"}]},{"@type":"WebSite","@id":"https:\/\/juckerlegal.ch\/#website","url":"https:\/\/juckerlegal.ch\/","name":"dariojucker","description":"Lo Studio Legale Jucker \u00e8 specializzato nel settore del diritto dell\u2019arte e della propriet\u00e0 intellettuale","publisher":{"@id":"https:\/\/juckerlegal.ch\/#\/schema\/person\/8811c2db880ebff1a6c895107fc5c2b3"},"potentialAction":[{"@type":"SearchAction","target":{"@type":"EntryPoint","urlTemplate":"https:\/\/juckerlegal.ch\/?s={search_term_string}"},"query-input":{"@type":"PropertyValueSpecification","valueRequired":true,"valueName":"search_term_string"}}],"inLanguage":"it-IT"},{"@type":["Person","Organization"],"@id":"https:\/\/juckerlegal.ch\/#\/schema\/person\/8811c2db880ebff1a6c895107fc5c2b3","name":"dario jucker","image":{"@type":"ImageObject","inLanguage":"it-IT","@id":"https:\/\/juckerlegal.ch\/#\/schema\/person\/image\/","url":"https:\/\/juckerlegal.ch\/wp-content\/uploads\/2018\/07\/LogoJucker_TEMP.svg","contentUrl":"https:\/\/juckerlegal.ch\/wp-content\/uploads\/2018\/07\/LogoJucker_TEMP.svg","width":1,"height":1,"caption":"dario jucker"},"logo":{"@id":"https:\/\/juckerlegal.ch\/#\/schema\/person\/image\/"}}]}},"_links":{"self":[{"href":"http:\/\/juckerlegal.ch\/it\/wp-json\/wp\/v2\/pages\/69","targetHints":{"allow":["GET"]}}],"collection":[{"href":"http:\/\/juckerlegal.ch\/it\/wp-json\/wp\/v2\/pages"}],"about":[{"href":"http:\/\/juckerlegal.ch\/it\/wp-json\/wp\/v2\/types\/page"}],"author":[{"embeddable":true,"href":"http:\/\/juckerlegal.ch\/it\/wp-json\/wp\/v2\/users\/1"}],"replies":[{"embeddable":true,"href":"http:\/\/juckerlegal.ch\/it\/wp-json\/wp\/v2\/comments?post=69"}],"version-history":[{"count":80,"href":"http:\/\/juckerlegal.ch\/it\/wp-json\/wp\/v2\/pages\/69\/revisions"}],"predecessor-version":[{"id":1070,"href":"http:\/\/juckerlegal.ch\/it\/wp-json\/wp\/v2\/pages\/69\/revisions\/1070"}],"wp:attachment":[{"href":"http:\/\/juckerlegal.ch\/it\/wp-json\/wp\/v2\/media?parent=69"}],"curies":[{"name":"wp","href":"https:\/\/api.w.org\/{rel}","templated":true}]}}